{"id":184,"date":"2026-03-03T07:33:38","date_gmt":"2026-03-03T07:33:38","guid":{"rendered":"https:\/\/ozelis.online\/bsport\/klaipeda-web\/?page_id=184"},"modified":"2026-03-03T07:33:38","modified_gmt":"2026-03-03T07:33:38","slug":"treneriai","status":"publish","type":"page","link":"https:\/\/bsport.lt\/klaipeda\/treneriai\/","title":{"rendered":"Treneriai"},"content":{"rendered":"<p>BSPORT arenoje dirba auk\u0161tos kvalifikacijos ir ilgamet\u0119 patirt\u012f sukaup\u0119 padelio bei teniso sertifikuoti treneriai, kurie kiekvienam \u017eaid\u0117jui padeda tobulinti technik\u0105, taktik\u0105, fizin\u012f bei psichologin\u012f pasirengim\u0105.<\/p>\n","protected":false},"excerpt":{"rendered":"<p>BSPORT arenoje dirba auk\u0161tos kvalifikacijos ir ilgamet\u0119 patirt\u012f sukaup\u0119 padelio bei teniso sertifikuoti treneriai, kurie kiekvienam \u017eaid\u0117jui padeda tobulinti technik\u0105, taktik\u0105, fizin\u012f bei psichologin\u012f pasirengim\u0105.<\/p>\n","protected":false},"author":1,"featured_media":0,"parent":0,"menu_order":0,"comment_status":"closed","ping_status":"closed","template":"page-coaches.php","meta":{"footnotes":""},"class_list":["post-184","page","type-page","status-publish","hentry"],"_links":{"self":[{"href":"https:\/\/bsport.lt\/klaipeda\/wp-json\/wp\/v2\/pages\/184","targetHints":{"allow":["GET"]}}],"collection":[{"href":"https:\/\/bsport.lt\/klaipeda\/wp-json\/wp\/v2\/pages"}],"about":[{"href":"https:\/\/bsport.lt\/klaipeda\/wp-json\/wp\/v2\/types\/page"}],"author":[{"embeddable":true,"href":"https:\/\/bsport.lt\/klaipeda\/wp-json\/wp\/v2\/users\/1"}],"replies":[{"embeddable":true,"href":"https:\/\/bsport.lt\/klaipeda\/wp-json\/wp\/v2\/comments?post=184"}],"version-history":[{"count":1,"href":"https:\/\/bsport.lt\/klaipeda\/wp-json\/wp\/v2\/pages\/184\/revisions"}],"predecessor-version":[{"id":185,"href":"https:\/\/bsport.lt\/klaipeda\/wp-json\/wp\/v2\/pages\/184\/revisions\/185"}],"wp:attachment":[{"href":"https:\/\/bsport.lt\/klaipeda\/wp-json\/wp\/v2\/media?parent=184"}],"curies":[{"name":"wp","href":"https:\/\/api.w.org\/{rel}","templated":true}]}}